{"id":330,"date":"2019-10-09T10:08:11","date_gmt":"2019-10-09T08:08:11","guid":{"rendered":"http:\/\/pflege-und-du.de\/?page_id=330"},"modified":"2022-05-17T15:40:08","modified_gmt":"2022-05-17T13:40:08","slug":"impressum-2","status":"publish","type":"page","link":"https:\/\/pflege-und-du.de\/?page_id=330","title":{"rendered":"Impressum"},"content":{"rendered":"<div class=\"fusion-fullwidth fullwidth-box fusion-builder-row-1 nonhundred-percent-fullwidth non-hundred-percent-height-scrolling\" style=\"--awb-border-radius-top-left:0px;--awb-border-radius-top-right:0px;--awb-border-radius-bottom-right:0px;--awb-border-radius-bottom-left:0px;--awb-padding-top:0px;--awb-padding-right:0px;--awb-padding-bottom:0px;--awb-padding-left:0px;--awb-margin-top:0px;--awb-margin-bottom:0px;--awb-flex-wrap:wrap;\" ><div class=\"fusion-builder-row fusion-row\"><div class=\"fusion-layout-column fusion_builder_column fusion-builder-column-0 fusion_builder_column_1_6 1_6 fusion-one-sixth fusion-column-first\" style=\"--awb-bg-size:cover;--awb-margin-bottom:0px;width:16.666666666667%;width:calc(16.666666666667% - ( ( 0px + 4% ) * 0.16666666666667 ) );margin-right: 0px;\"><div class=\"fusion-column-wrapper fusion-column-has-shadow fusion-flex-column-wrapper-legacy\"><div class=\"fusion-clearfix\"><\/div><\/div><\/div><div class=\"fusion-layout-column fusion_builder_column fusion-builder-column-1 fusion_builder_column_2_3 2_3 fusion-two-third\" style=\"--awb-padding-top:5%;--awb-padding-bottom:5%;--awb-bg-size:cover;width:66.666666666667%;width:calc(66.666666666667% - ( ( 0px + 4% ) * 0.66666666666667 ) );margin-right: 4%;\"><div class=\"fusion-column-wrapper fusion-column-has-shadow fusion-flex-column-wrapper-legacy\"><div class=\"fusion-text fusion-text-1\"><h5><strong>Impressum<\/strong><\/h5>\n<p>Die nachstehenden Informationen enthalten die gesetzlich vorgesehenen Pflichtangaben zur Anbieterkennzeichnung sowie wichtige rechtliche Hinweise zur Internetpr\u00e4senz der bfz Berufsfachschule f\u00fcr Pflege der bfz gGmbH.\u00a0Anbieter dieser Internetpr\u00e4senz ist im Rechtssinne der Caritasverband f\u00fcr die Di\u00f6zese Eichst\u00e4tt\u00a0e.V., das BRK, und\u00a0das Diakonische Werk Altdorf-Hersbruck-Neumarkt e.V. Stellvertretend f\u00fcr die Wohlfahrtsverb\u00e4nde<\/p>\n<p>bfz gGmbH<br \/>\nBerufsfachschule f\u00fcr Pflege<br \/>\nHolzgartenstra\u00dfe 8<br \/>\n92318 Neumarkt<br \/>\nDeutschland<\/p>\n<p>Telefon: +49 9181 26506-0<br \/>\nTelefax: +49 981 26506-20<\/p>\n<p>E-Mail: <a href=\"mailto:monika.bittner@bfz.de\">monika.bittner@bfz.de<\/a><br \/>\nInternet: <a href=\"https:\/\/www.pflegeschule-neumarkt.bfz.de\/\">https:\/\/www.pflegeschule-neumarkt.bfz.de\/<\/a><\/p>\n<p>Inhaltlich Verantwortlicher: Monika Bittner (Anschrift wie oben)<\/p>\n<p><span style=\"color: #f0ab8c;\"><strong>Gesellschafter<\/strong><\/span><\/p>\n<p>Berufliche Fortbildungszentren<br \/>\nder Bayerischen Wirtschaft (bfz)<br \/>\ngemeinn\u00fctzige GmbH<br \/>\nInfanteriestra\u00dfe 8<br \/>\n80797 M\u00fcnchen<br \/>\nTelefon +49 89 44108200<br \/>\nTelefax +49 89 44108-399<br \/>\nE-Mail\u00a0<a href=\"mailto:info@bfz.de\">info@bfz.de<\/a><\/p>\n<p>Internet: <a href=\"http:\/\/www.bfz.de\">www.bfz.de<\/a><\/p>\n<p><span style=\"color: #f0ab8c;\"><strong>Gesch\u00e4ftsf\u00fchrer<\/strong><\/span><br \/>\nAnna Engel-K\u00f6hler (Vorsitzende)<br \/>\nWolfgang Braun<br \/>\nJ\u00f6rg Plesch<\/p>\n<p><span style=\"color: #f0ab8c;\"><strong>Registergericht<\/strong><\/span><br \/>\nAmtsgericht M\u00fcnchen<br \/>\nHRB 121447<\/p>\n<p><span style=\"color: #f0ab8c;\"><strong>Umsatzsteuer-Identifikationsnummer<\/strong><\/span><\/p>\n<p>DE 197 114 012<\/p>\n<p>Bildungswerk der Bayerischen Wirtschaft e. V.<br \/>\nInfanteriestra\u00dfe 8<br \/>\n80797 M\u00fcnchen<\/p>\n<p><span style=\"color: #f0ab8c;\"><strong>Haftungshinweis<\/strong><\/span><br \/>\nTrotz sorgf\u00e4ltiger inhaltlicher Kontrolle \u00fcbernehmen wir keine Haftung f\u00fcr die Inhalte externer Links. F\u00fcr den Inhalt der verlinkten Seiten sind ausschlie\u00dflich deren Betreiber verantwortlich.<\/p>\n<p><span style=\"color: #f0ab8c;\"><strong>Fotos:<\/strong><\/span><\/p>\n<p>www.fotolia.de<br \/>\nFotolia_85470290<br \/>\nFotolia_84303032<br \/>\nFotolia_97045010<br \/>\nFotolia_90378820<br \/>\nFotolia_85563652<br \/>\nFotolia_94084171<br \/>\nFotolia_71225843<\/p>\n<p>www.shutterstock.de<br \/>\nshutterstock_73696801<\/p>\n<p>bfz, Privat<\/p>\n<\/div><div class=\"fusion-clearfix\"><\/div><\/div><\/div><div class=\"fusion-layout-column fusion_builder_column fusion-builder-column-2 fusion_builder_column_1_6 1_6 fusion-one-sixth fusion-column-last\" style=\"--awb-bg-size:cover;--awb-margin-bottom:0px;width:16.666666666667%;width:calc(16.666666666667% - ( ( 0px + 4% ) * 0.16666666666667 ) );\"><div class=\"fusion-column-wrapper fusion-column-has-shadow fusion-flex-column-wrapper-legacy\"><div class=\"fusion-clearfix\"><\/div><\/div><\/div><\/div><\/div>\n","protected":false},"excerpt":{"rendered":"","protected":false},"author":2,"featured_media":0,"parent":0,"menu_order":0,"comment_status":"closed","ping_status":"closed","template":"","meta":{"footnotes":""},"class_list":["post-330","page","type-page","status-publish","hentry"],"yoast_head":"<!-- This site is optimized with the Yoast SEO plugin v26.9 - https:\/\/yoast.com\/product\/yoast-seo-wordpress\/ -->\n<title>Impressum - Pflege und du<\/title>\n<meta name=\"robots\" content=\"index, follow, max-snippet:-1, max-image-preview:large, max-video-preview:-1\" \/>\n<link rel=\"canonical\" href=\"https:\/\/p-resph4.project.space\/?page_id=330\" \/>\n<meta property=\"og:locale\" content=\"de_DE\" \/>\n<meta property=\"og:type\" content=\"article\" \/>\n<meta property=\"og:title\" content=\"Impressum - Pflege und du\" \/>\n<meta property=\"og:url\" content=\"https:\/\/p-resph4.project.space\/?page_id=330\" \/>\n<meta property=\"og:site_name\" content=\"Pflege und du\" \/>\n<meta property=\"article:modified_time\" content=\"2022-05-17T13:40:08+00:00\" \/>\n<meta name=\"twitter:card\" content=\"summary_large_image\" \/>\n<meta name=\"twitter:label1\" content=\"Gesch\u00e4tzte Lesezeit\" \/>\n\t<meta name=\"twitter:data1\" content=\"3\u00a0Minuten\" \/>\n<script type=\"application\/ld+json\" class=\"yoast-schema-graph\">{\"@context\":\"https:\/\/schema.org\",\"@graph\":[{\"@type\":\"WebPage\",\"@id\":\"https:\/\/p-resph4.project.space\/?page_id=330\",\"url\":\"https:\/\/p-resph4.project.space\/?page_id=330\",\"name\":\"Impressum - Pflege und du\",\"isPartOf\":{\"@id\":\"https:\/\/p-resph4.project.space\/#website\"},\"datePublished\":\"2019-10-09T08:08:11+00:00\",\"dateModified\":\"2022-05-17T13:40:08+00:00\",\"breadcrumb\":{\"@id\":\"https:\/\/p-resph4.project.space\/?page_id=330#breadcrumb\"},\"inLanguage\":\"de\",\"potentialAction\":[{\"@type\":\"ReadAction\",\"target\":[\"https:\/\/p-resph4.project.space\/?page_id=330\"]}]},{\"@type\":\"BreadcrumbList\",\"@id\":\"https:\/\/p-resph4.project.space\/?page_id=330#breadcrumb\",\"itemListElement\":[{\"@type\":\"ListItem\",\"position\":1,\"name\":\"Startseite\",\"item\":\"https:\/\/p-resph4.project.space\/\"},{\"@type\":\"ListItem\",\"position\":2,\"name\":\"Impressum\"}]},{\"@type\":\"WebSite\",\"@id\":\"https:\/\/p-resph4.project.space\/#website\",\"url\":\"https:\/\/p-resph4.project.space\/\",\"name\":\"Pflege und du\",\"description\":\"Pflege im Landkreis Neumarkt i. d. OPf.\",\"potentialAction\":[{\"@type\":\"SearchAction\",\"target\":{\"@type\":\"EntryPoint\",\"urlTemplate\":\"https:\/\/p-resph4.project.space\/?s={search_term_string}\"},\"query-input\":{\"@type\":\"PropertyValueSpecification\",\"valueRequired\":true,\"valueName\":\"search_term_string\"}}],\"inLanguage\":\"de\"}]}<\/script>\n<!-- \/ Yoast SEO plugin. -->","yoast_head_json":{"title":"Impressum - Pflege und du","robots":{"index":"index","follow":"follow","max-snippet":"max-snippet:-1","max-image-preview":"max-image-preview:large","max-video-preview":"max-video-preview:-1"},"canonical":"https:\/\/p-resph4.project.space\/?page_id=330","og_locale":"de_DE","og_type":"article","og_title":"Impressum - Pflege und du","og_url":"https:\/\/p-resph4.project.space\/?page_id=330","og_site_name":"Pflege und du","article_modified_time":"2022-05-17T13:40:08+00:00","twitter_card":"summary_large_image","twitter_misc":{"Gesch\u00e4tzte Lesezeit":"3\u00a0Minuten"},"schema":{"@context":"https:\/\/schema.org","@graph":[{"@type":"WebPage","@id":"https:\/\/p-resph4.project.space\/?page_id=330","url":"https:\/\/p-resph4.project.space\/?page_id=330","name":"Impressum - Pflege und du","isPartOf":{"@id":"https:\/\/p-resph4.project.space\/#website"},"datePublished":"2019-10-09T08:08:11+00:00","dateModified":"2022-05-17T13:40:08+00:00","breadcrumb":{"@id":"https:\/\/p-resph4.project.space\/?page_id=330#breadcrumb"},"inLanguage":"de","potentialAction":[{"@type":"ReadAction","target":["https:\/\/p-resph4.project.space\/?page_id=330"]}]},{"@type":"BreadcrumbList","@id":"https:\/\/p-resph4.project.space\/?page_id=330#breadcrumb","itemListElement":[{"@type":"ListItem","position":1,"name":"Startseite","item":"https:\/\/p-resph4.project.space\/"},{"@type":"ListItem","position":2,"name":"Impressum"}]},{"@type":"WebSite","@id":"https:\/\/p-resph4.project.space\/#website","url":"https:\/\/p-resph4.project.space\/","name":"Pflege und du","description":"Pflege im Landkreis Neumarkt i. d. OPf.","potentialAction":[{"@type":"SearchAction","target":{"@type":"EntryPoint","urlTemplate":"https:\/\/p-resph4.project.space\/?s={search_term_string}"},"query-input":{"@type":"PropertyValueSpecification","valueRequired":true,"valueName":"search_term_string"}}],"inLanguage":"de"}]}},"_links":{"self":[{"href":"https:\/\/pflege-und-du.de\/index.php?rest_route=\/wp\/v2\/pages\/330","targetHints":{"allow":["GET"]}}],"collection":[{"href":"https:\/\/pflege-und-du.de\/index.php?rest_route=\/wp\/v2\/pages"}],"about":[{"href":"https:\/\/pflege-und-du.de\/index.php?rest_route=\/wp\/v2\/types\/page"}],"author":[{"embeddable":true,"href":"https:\/\/pflege-und-du.de\/index.php?rest_route=\/wp\/v2\/users\/2"}],"replies":[{"embeddable":true,"href":"https:\/\/pflege-und-du.de\/index.php?rest_route=%2Fwp%2Fv2%2Fcomments&post=330"}],"version-history":[{"count":19,"href":"https:\/\/pflege-und-du.de\/index.php?rest_route=\/wp\/v2\/pages\/330\/revisions"}],"predecessor-version":[{"id":615,"href":"https:\/\/pflege-und-du.de\/index.php?rest_route=\/wp\/v2\/pages\/330\/revisions\/615"}],"wp:attachment":[{"href":"https:\/\/pflege-und-du.de\/index.php?rest_route=%2Fwp%2Fv2%2Fmedia&parent=330"}],"curies":[{"name":"wp","href":"https:\/\/api.w.org\/{rel}","templated":true}]}}