{"id":3,"date":"2019-08-23T07:46:48","date_gmt":"2019-08-23T07:46:48","guid":{"rendered":"http:\/\/pflege-und-du.de"},"modified":"2022-05-17T14:47:37","modified_gmt":"2022-05-17T12:47:37","slug":"datenschutzerklaerung","status":"publish","type":"page","link":"https:\/\/pflege-und-du.de\/?page_id=3","title":{"rendered":"Datenschutzerkl\u00e4rung"},"content":{"rendered":"<div class=\"fusion-fullwidth fullwidth-box fusion-builder-row-1 nonhundred-percent-fullwidth non-hundred-percent-height-scrolling\" style=\"--awb-border-radius-top-left:0px;--awb-border-radius-top-right:0px;--awb-border-radius-bottom-right:0px;--awb-border-radius-bottom-left:0px;--awb-flex-wrap:wrap;\" ><div class=\"fusion-builder-row fusion-row\"><div class=\"fusion-layout-column fusion_builder_column fusion-builder-column-0 fusion_builder_column_1_6 1_6 fusion-one-sixth fusion-column-first\" style=\"--awb-bg-size:cover;width:16.666666666667%;width:calc(16.666666666667% - ( ( 4% + 4% ) * 0.16666666666667 ) );margin-right: 4%;\"><div class=\"fusion-column-wrapper fusion-column-has-shadow fusion-flex-column-wrapper-legacy\"><div class=\"fusion-clearfix\"><\/div><\/div><\/div><div class=\"fusion-layout-column fusion_builder_column fusion-builder-column-1 fusion_builder_column_2_3 2_3 fusion-two-third\" style=\"--awb-bg-size:cover;--awb-margin-bottom:0px;width:66.666666666667%;width:calc(66.666666666667% - ( ( 4% + 4% ) * 0.66666666666667 ) );margin-right: 4%;\"><div class=\"fusion-column-wrapper fusion-flex-column-wrapper-legacy\"><div class=\"fusion-text fusion-text-1\"><h1 class=\"wp-block-heading\">Datenschutzerkl\u00e4rung<\/h1>\n<p>F\u00fcr diesen Internetauftritt gilt die Datenschutzerkl\u00e4rung der Beruflichen Fortbildungszentren der Bayerischen Wirtschaft (bfz) gGmbH. Sie k\u00f6nnen diese auf der Webseite\u00a0<a class=\"lnk_extern\" title=\"Zur Webseite Datenschutzerkl\u00e4rung der bfz.de wechseln\" href=\"https:\/\/www.bfz.de\/globale-seiten\/datenschutzerklaerung\/\">www.bfz.de\/globale-seiten\/datenschutzerklaerung<\/a>\u00a0einsehen.<\/p>\n<\/div><div class=\"fusion-clearfix\"><\/div><\/div><\/div><div class=\"fusion-layout-column fusion_builder_column fusion-builder-column-2 fusion_builder_column_1_6 1_6 fusion-one-sixth fusion-column-last\" style=\"--awb-bg-size:cover;width:16.666666666667%;width:calc(16.666666666667% - ( ( 4% + 4% ) * 0.16666666666667 ) );\"><div class=\"fusion-column-wrapper fusion-column-has-shadow fusion-flex-column-wrapper-legacy\"><div class=\"fusion-clearfix\"><\/div><\/div><\/div><\/div><\/div>","protected":false},"excerpt":{"rendered":"","protected":false},"author":2,"featured_media":0,"parent":0,"menu_order":0,"comment_status":"closed","ping_status":"open","template":"","meta":{"footnotes":""},"class_list":["post-3","page","type-page","status-publish","hentry"],"yoast_head":"<!-- This site is optimized with the Yoast SEO plugin v26.9 - https:\/\/yoast.com\/product\/yoast-seo-wordpress\/ -->\n<title>Datenschutzerkl\u00e4rung - Pflege und du<\/title>\n<meta name=\"robots\" content=\"index, follow, max-snippet:-1, max-image-preview:large, max-video-preview:-1\" \/>\n<link rel=\"canonical\" href=\"https:\/\/p-resph4.project.space\/?page_id=3\" \/>\n<meta property=\"og:locale\" content=\"de_DE\" \/>\n<meta property=\"og:type\" content=\"article\" \/>\n<meta property=\"og:title\" content=\"Datenschutzerkl\u00e4rung - Pflege und du\" \/>\n<meta property=\"og:url\" content=\"https:\/\/p-resph4.project.space\/?page_id=3\" \/>\n<meta property=\"og:site_name\" content=\"Pflege und du\" \/>\n<meta property=\"article:modified_time\" content=\"2022-05-17T12:47:37+00:00\" \/>\n<meta name=\"twitter:card\" content=\"summary_large_image\" \/>\n<meta name=\"twitter:label1\" content=\"Gesch\u00e4tzte Lesezeit\" \/>\n\t<meta name=\"twitter:data1\" content=\"2\u00a0Minuten\" \/>\n<script type=\"application\/ld+json\" class=\"yoast-schema-graph\">{\"@context\":\"https:\/\/schema.org\",\"@graph\":[{\"@type\":\"WebPage\",\"@id\":\"https:\/\/p-resph4.project.space\/?page_id=3\",\"url\":\"https:\/\/p-resph4.project.space\/?page_id=3\",\"name\":\"Datenschutzerkl\u00e4rung - Pflege und du\",\"isPartOf\":{\"@id\":\"https:\/\/p-resph4.project.space\/#website\"},\"datePublished\":\"2019-08-23T07:46:48+00:00\",\"dateModified\":\"2022-05-17T12:47:37+00:00\",\"breadcrumb\":{\"@id\":\"https:\/\/p-resph4.project.space\/?page_id=3#breadcrumb\"},\"inLanguage\":\"de\",\"potentialAction\":[{\"@type\":\"ReadAction\",\"target\":[\"https:\/\/p-resph4.project.space\/?page_id=3\"]}]},{\"@type\":\"BreadcrumbList\",\"@id\":\"https:\/\/p-resph4.project.space\/?page_id=3#breadcrumb\",\"itemListElement\":[{\"@type\":\"ListItem\",\"position\":1,\"name\":\"Startseite\",\"item\":\"https:\/\/p-resph4.project.space\/\"},{\"@type\":\"ListItem\",\"position\":2,\"name\":\"Datenschutzerkl\u00e4rung\"}]},{\"@type\":\"WebSite\",\"@id\":\"https:\/\/p-resph4.project.space\/#website\",\"url\":\"https:\/\/p-resph4.project.space\/\",\"name\":\"Pflege und du\",\"description\":\"Pflege im Landkreis Neumarkt i. d. OPf.\",\"potentialAction\":[{\"@type\":\"SearchAction\",\"target\":{\"@type\":\"EntryPoint\",\"urlTemplate\":\"https:\/\/p-resph4.project.space\/?s={search_term_string}\"},\"query-input\":{\"@type\":\"PropertyValueSpecification\",\"valueRequired\":true,\"valueName\":\"search_term_string\"}}],\"inLanguage\":\"de\"}]}<\/script>\n<!-- \/ Yoast SEO plugin. -->","yoast_head_json":{"title":"Datenschutzerkl\u00e4rung - Pflege und du","robots":{"index":"index","follow":"follow","max-snippet":"max-snippet:-1","max-image-preview":"max-image-preview:large","max-video-preview":"max-video-preview:-1"},"canonical":"https:\/\/p-resph4.project.space\/?page_id=3","og_locale":"de_DE","og_type":"article","og_title":"Datenschutzerkl\u00e4rung - Pflege und du","og_url":"https:\/\/p-resph4.project.space\/?page_id=3","og_site_name":"Pflege und du","article_modified_time":"2022-05-17T12:47:37+00:00","twitter_card":"summary_large_image","twitter_misc":{"Gesch\u00e4tzte Lesezeit":"2\u00a0Minuten"},"schema":{"@context":"https:\/\/schema.org","@graph":[{"@type":"WebPage","@id":"https:\/\/p-resph4.project.space\/?page_id=3","url":"https:\/\/p-resph4.project.space\/?page_id=3","name":"Datenschutzerkl\u00e4rung - Pflege und du","isPartOf":{"@id":"https:\/\/p-resph4.project.space\/#website"},"datePublished":"2019-08-23T07:46:48+00:00","dateModified":"2022-05-17T12:47:37+00:00","breadcrumb":{"@id":"https:\/\/p-resph4.project.space\/?page_id=3#breadcrumb"},"inLanguage":"de","potentialAction":[{"@type":"ReadAction","target":["https:\/\/p-resph4.project.space\/?page_id=3"]}]},{"@type":"BreadcrumbList","@id":"https:\/\/p-resph4.project.space\/?page_id=3#breadcrumb","itemListElement":[{"@type":"ListItem","position":1,"name":"Startseite","item":"https:\/\/p-resph4.project.space\/"},{"@type":"ListItem","position":2,"name":"Datenschutzerkl\u00e4rung"}]},{"@type":"WebSite","@id":"https:\/\/p-resph4.project.space\/#website","url":"https:\/\/p-resph4.project.space\/","name":"Pflege und du","description":"Pflege im Landkreis Neumarkt i. d. OPf.","potentialAction":[{"@type":"SearchAction","target":{"@type":"EntryPoint","urlTemplate":"https:\/\/p-resph4.project.space\/?s={search_term_string}"},"query-input":{"@type":"PropertyValueSpecification","valueRequired":true,"valueName":"search_term_string"}}],"inLanguage":"de"}]}},"_links":{"self":[{"href":"https:\/\/pflege-und-du.de\/index.php?rest_route=\/wp\/v2\/pages\/3","targetHints":{"allow":["GET"]}}],"collection":[{"href":"https:\/\/pflege-und-du.de\/index.php?rest_route=\/wp\/v2\/pages"}],"about":[{"href":"https:\/\/pflege-und-du.de\/index.php?rest_route=\/wp\/v2\/types\/page"}],"author":[{"embeddable":true,"href":"https:\/\/pflege-und-du.de\/index.php?rest_route=\/wp\/v2\/users\/2"}],"replies":[{"embeddable":true,"href":"https:\/\/pflege-und-du.de\/index.php?rest_route=%2Fwp%2Fv2%2Fcomments&post=3"}],"version-history":[{"count":9,"href":"https:\/\/pflege-und-du.de\/index.php?rest_route=\/wp\/v2\/pages\/3\/revisions"}],"predecessor-version":[{"id":608,"href":"https:\/\/pflege-und-du.de\/index.php?rest_route=\/wp\/v2\/pages\/3\/revisions\/608"}],"wp:attachment":[{"href":"https:\/\/pflege-und-du.de\/index.php?rest_route=%2Fwp%2Fv2%2Fmedia&parent=3"}],"curies":[{"name":"wp","href":"https:\/\/api.w.org\/{rel}","templated":true}]}}